{"id":18608,"date":"2018-03-22T09:26:19","date_gmt":"2018-03-22T09:26:19","guid":{"rendered":"http:\/\/mundosano.masmedios.info\/?page_id=18608\/"},"modified":"2024-03-06T12:54:06","modified_gmt":"2024-03-06T15:54:06","slug":"geohelmintos-helmintiasis","status":"publish","type":"page","link":"https:\/\/mundosano-wordpress.server.brobert.net\/es\/geohelmintos-helmintiasis\/","title":{"rendered":"Geohelmintos"},"content":{"rendered":"","protected":false},"excerpt":{"rendered":"","protected":false},"author":4,"featured_media":18623,"parent":0,"menu_order":0,"comment_status":"closed","ping_status":"closed","template":"page-enfermedades.php","meta":{"_acf_changed":false,"inline_featured_image":false,"footnotes":""},"acf":[],"yoast_head":"<!-- This site is optimized with the Yoast SEO Premium plugin v21.2 (Yoast SEO v22.9) - https:\/\/yoast.com\/wordpress\/plugins\/seo\/ -->\n<title>Mundo Sano - Geohelmintos<\/title>\n<meta name=\"description\" content=\"Las helmintiasis transmitidas por el suelo, com\u00fanmente conocidas como par\u00e1sitos intestinales, afectan en general a las comunidades m\u00e1s pobres del planeta.\" \/>\n<meta name=\"robots\" content=\"index, follow, max-snippet:-1, max-image-preview:large, max-video-preview:-1\" \/>\n<link rel=\"canonical\" href=\"https:\/\/mundosano-wordpress.server.brobert.net\/es\/geohelmintos-helmintiasis\/\" \/>\n<meta property=\"og:locale\" content=\"es_ES\" \/>\n<meta property=\"og:type\" content=\"article\" \/>\n<meta property=\"og:title\" content=\"Geohelmintos\" \/>\n<meta property=\"og:description\" content=\"Las helmintiasis transmitidas por el suelo, com\u00fanmente conocidas como par\u00e1sitos intestinales, afectan en general a las comunidades m\u00e1s pobres del planeta.\" \/>\n<meta property=\"og:url\" content=\"https:\/\/mundosano-wordpress.server.brobert.net\/es\/geohelmintos-helmintiasis\/\" \/>\n<meta property=\"og:site_name\" content=\"Mundo Sano\" \/>\n<meta property=\"article:publisher\" content=\"https:\/\/www.facebook.com\/FundacionMundoSano?fref=ts\" \/>\n<meta property=\"article:modified_time\" content=\"2024-03-06T15:54:06+00:00\" \/>\n<meta property=\"og:image\" content=\"https:\/\/mundosano-wordpress.server.brobert.net\/wp-content\/uploads\/2018\/03\/apertura_5.jpg\" \/>\n\t<meta property=\"og:image:width\" content=\"1401\" \/>\n\t<meta property=\"og:image:height\" content=\"599\" \/>\n\t<meta property=\"og:image:type\" content=\"image\/jpeg\" \/>\n<meta name=\"twitter:card\" content=\"summary_large_image\" \/>\n<meta name=\"twitter:site\" content=\"@MundoSano\" \/>\n<meta name=\"twitter:label1\" content=\"Tiempo de lectura\" \/>\n\t<meta name=\"twitter:data1\" content=\"1 minuto\" \/>\n<script type=\"application\/ld+json\" class=\"yoast-schema-graph\">{\"@context\":\"https:\/\/schema.org\",\"@graph\":[{\"@type\":\"WebPage\",\"@id\":\"https:\/\/mundosano-wordpress.server.brobert.net\/es\/geohelmintos-helmintiasis\/\",\"url\":\"https:\/\/mundosano-wordpress.server.brobert.net\/es\/geohelmintos-helmintiasis\/\",\"name\":\"Mundo Sano - Geohelmintos\",\"isPartOf\":{\"@id\":\"https:\/\/mundosano-wordpress.server.brobert.net\/es\/#website\"},\"primaryImageOfPage\":{\"@id\":\"https:\/\/mundosano-wordpress.server.brobert.net\/es\/geohelmintos-helmintiasis\/#primaryimage\"},\"image\":{\"@id\":\"https:\/\/mundosano-wordpress.server.brobert.net\/es\/geohelmintos-helmintiasis\/#primaryimage\"},\"thumbnailUrl\":\"https:\/\/mundosano-wordpress.server.brobert.net\/wp-content\/uploads\/2018\/03\/apertura_5.jpg\",\"datePublished\":\"2018-03-22T09:26:19+00:00\",\"dateModified\":\"2024-03-06T15:54:06+00:00\",\"description\":\"Las helmintiasis transmitidas por el suelo, com\u00fanmente conocidas como par\u00e1sitos intestinales, afectan en general a las comunidades m\u00e1s pobres del planeta.\",\"breadcrumb\":{\"@id\":\"https:\/\/mundosano-wordpress.server.brobert.net\/es\/geohelmintos-helmintiasis\/#breadcrumb\"},\"inLanguage\":\"es\",\"potentialAction\":[{\"@type\":\"ReadAction\",\"target\":[\"https:\/\/mundosano-wordpress.server.brobert.net\/es\/geohelmintos-helmintiasis\/\"]}]},{\"@type\":\"ImageObject\",\"inLanguage\":\"es\",\"@id\":\"https:\/\/mundosano-wordpress.server.brobert.net\/es\/geohelmintos-helmintiasis\/#primaryimage\",\"url\":\"https:\/\/mundosano-wordpress.server.brobert.net\/wp-content\/uploads\/2018\/03\/apertura_5.jpg\",\"contentUrl\":\"https:\/\/mundosano-wordpress.server.brobert.net\/wp-content\/uploads\/2018\/03\/apertura_5.jpg\",\"width\":1401,\"height\":599,\"caption\":\"Ni\u00f1a en exclusi\u00f3n social\"},{\"@type\":\"BreadcrumbList\",\"@id\":\"https:\/\/mundosano-wordpress.server.brobert.net\/es\/geohelmintos-helmintiasis\/#breadcrumb\",\"itemListElement\":[{\"@type\":\"ListItem\",\"position\":1,\"name\":\"Inicio\",\"item\":\"https:\/\/mundosano-wordpress.server.brobert.net\/es\/\"},{\"@type\":\"ListItem\",\"position\":2,\"name\":\"Geohelmintos\"}]},{\"@type\":\"WebSite\",\"@id\":\"https:\/\/mundosano-wordpress.server.brobert.net\/es\/#website\",\"url\":\"https:\/\/mundosano-wordpress.server.brobert.net\/es\/\",\"name\":\"Mundo Sano\",\"description\":\"Comprometidos con la equidad en salud\",\"publisher\":{\"@id\":\"https:\/\/mundosano-wordpress.server.brobert.net\/es\/#organization\"},\"potentialAction\":[{\"@type\":\"SearchAction\",\"target\":{\"@type\":\"EntryPoint\",\"urlTemplate\":\"https:\/\/mundosano-wordpress.server.brobert.net\/es\/?s={search_term_string}\"},\"query-input\":\"required name=search_term_string\"}],\"inLanguage\":\"es\"},{\"@type\":\"Organization\",\"@id\":\"https:\/\/mundosano-wordpress.server.brobert.net\/es\/#organization\",\"name\":\"Mundo Sano\",\"url\":\"https:\/\/mundosano-wordpress.server.brobert.net\/es\/\",\"logo\":{\"@type\":\"ImageObject\",\"inLanguage\":\"es\",\"@id\":\"https:\/\/mundosano-wordpress.server.brobert.net\/es\/#\/schema\/logo\/image\/\",\"url\":\"https:\/\/mundosano-wordpress.server.brobert.net\/wp-content\/uploads\/2024\/05\/mundo-sano-nuevo-logo.png\",\"contentUrl\":\"https:\/\/mundosano-wordpress.server.brobert.net\/wp-content\/uploads\/2024\/05\/mundo-sano-nuevo-logo.png\",\"width\":696,\"height\":696,\"caption\":\"Mundo Sano\"},\"image\":{\"@id\":\"https:\/\/mundosano-wordpress.server.brobert.net\/es\/#\/schema\/logo\/image\/\"},\"sameAs\":[\"https:\/\/www.facebook.com\/FundacionMundoSano?fref=ts\",\"https:\/\/x.com\/MundoSano\",\"https:\/\/www.youtube.com\/user\/FundacionMundoSano\"]}]}<\/script>\n<!-- \/ Yoast SEO Premium plugin. -->","yoast_head_json":{"title":"Mundo Sano - Geohelmintos","description":"Las helmintiasis transmitidas por el suelo, com\u00fanmente conocidas como par\u00e1sitos intestinales, afectan en general a las comunidades m\u00e1s pobres del planeta.","robots":{"index":"index","follow":"follow","max-snippet":"max-snippet:-1","max-image-preview":"max-image-preview:large","max-video-preview":"max-video-preview:-1"},"canonical":"https:\/\/mundosano-wordpress.server.brobert.net\/es\/geohelmintos-helmintiasis\/","og_locale":"es_ES","og_type":"article","og_title":"Geohelmintos","og_description":"Las helmintiasis transmitidas por el suelo, com\u00fanmente conocidas como par\u00e1sitos intestinales, afectan en general a las comunidades m\u00e1s pobres del planeta.","og_url":"https:\/\/mundosano-wordpress.server.brobert.net\/es\/geohelmintos-helmintiasis\/","og_site_name":"Mundo Sano","article_publisher":"https:\/\/www.facebook.com\/FundacionMundoSano?fref=ts","article_modified_time":"2024-03-06T15:54:06+00:00","og_image":[{"width":1401,"height":599,"url":"https:\/\/mundosano-wordpress.server.brobert.net\/wp-content\/uploads\/2018\/03\/apertura_5.jpg","type":"image\/jpeg"}],"twitter_card":"summary_large_image","twitter_site":"@MundoSano","twitter_misc":{"Tiempo de lectura":"1 minuto"},"schema":{"@context":"https:\/\/schema.org","@graph":[{"@type":"WebPage","@id":"https:\/\/mundosano-wordpress.server.brobert.net\/es\/geohelmintos-helmintiasis\/","url":"https:\/\/mundosano-wordpress.server.brobert.net\/es\/geohelmintos-helmintiasis\/","name":"Mundo Sano - Geohelmintos","isPartOf":{"@id":"https:\/\/mundosano-wordpress.server.brobert.net\/es\/#website"},"primaryImageOfPage":{"@id":"https:\/\/mundosano-wordpress.server.brobert.net\/es\/geohelmintos-helmintiasis\/#primaryimage"},"image":{"@id":"https:\/\/mundosano-wordpress.server.brobert.net\/es\/geohelmintos-helmintiasis\/#primaryimage"},"thumbnailUrl":"https:\/\/mundosano-wordpress.server.brobert.net\/wp-content\/uploads\/2018\/03\/apertura_5.jpg","datePublished":"2018-03-22T09:26:19+00:00","dateModified":"2024-03-06T15:54:06+00:00","description":"Las helmintiasis transmitidas por el suelo, com\u00fanmente conocidas como par\u00e1sitos intestinales, afectan en general a las comunidades m\u00e1s pobres del planeta.","breadcrumb":{"@id":"https:\/\/mundosano-wordpress.server.brobert.net\/es\/geohelmintos-helmintiasis\/#breadcrumb"},"inLanguage":"es","potentialAction":[{"@type":"ReadAction","target":["https:\/\/mundosano-wordpress.server.brobert.net\/es\/geohelmintos-helmintiasis\/"]}]},{"@type":"ImageObject","inLanguage":"es","@id":"https:\/\/mundosano-wordpress.server.brobert.net\/es\/geohelmintos-helmintiasis\/#primaryimage","url":"https:\/\/mundosano-wordpress.server.brobert.net\/wp-content\/uploads\/2018\/03\/apertura_5.jpg","contentUrl":"https:\/\/mundosano-wordpress.server.brobert.net\/wp-content\/uploads\/2018\/03\/apertura_5.jpg","width":1401,"height":599,"caption":"Ni\u00f1a en exclusi\u00f3n social"},{"@type":"BreadcrumbList","@id":"https:\/\/mundosano-wordpress.server.brobert.net\/es\/geohelmintos-helmintiasis\/#breadcrumb","itemListElement":[{"@type":"ListItem","position":1,"name":"Inicio","item":"https:\/\/mundosano-wordpress.server.brobert.net\/es\/"},{"@type":"ListItem","position":2,"name":"Geohelmintos"}]},{"@type":"WebSite","@id":"https:\/\/mundosano-wordpress.server.brobert.net\/es\/#website","url":"https:\/\/mundosano-wordpress.server.brobert.net\/es\/","name":"Mundo Sano","description":"Comprometidos con la equidad en salud","publisher":{"@id":"https:\/\/mundosano-wordpress.server.brobert.net\/es\/#organization"},"potentialAction":[{"@type":"SearchAction","target":{"@type":"EntryPoint","urlTemplate":"https:\/\/mundosano-wordpress.server.brobert.net\/es\/?s={search_term_string}"},"query-input":"required name=search_term_string"}],"inLanguage":"es"},{"@type":"Organization","@id":"https:\/\/mundosano-wordpress.server.brobert.net\/es\/#organization","name":"Mundo Sano","url":"https:\/\/mundosano-wordpress.server.brobert.net\/es\/","logo":{"@type":"ImageObject","inLanguage":"es","@id":"https:\/\/mundosano-wordpress.server.brobert.net\/es\/#\/schema\/logo\/image\/","url":"https:\/\/mundosano-wordpress.server.brobert.net\/wp-content\/uploads\/2024\/05\/mundo-sano-nuevo-logo.png","contentUrl":"https:\/\/mundosano-wordpress.server.brobert.net\/wp-content\/uploads\/2024\/05\/mundo-sano-nuevo-logo.png","width":696,"height":696,"caption":"Mundo Sano"},"image":{"@id":"https:\/\/mundosano-wordpress.server.brobert.net\/es\/#\/schema\/logo\/image\/"},"sameAs":["https:\/\/www.facebook.com\/FundacionMundoSano?fref=ts","https:\/\/x.com\/MundoSano","https:\/\/www.youtube.com\/user\/FundacionMundoSano"]}]}},"_links":{"self":[{"href":"https:\/\/mundosano-wordpress.server.brobert.net\/es\/wp-json\/wp\/v2\/pages\/18608"}],"collection":[{"href":"https:\/\/mundosano-wordpress.server.brobert.net\/es\/wp-json\/wp\/v2\/pages"}],"about":[{"href":"https:\/\/mundosano-wordpress.server.brobert.net\/es\/wp-json\/wp\/v2\/types\/page"}],"author":[{"embeddable":true,"href":"https:\/\/mundosano-wordpress.server.brobert.net\/es\/wp-json\/wp\/v2\/users\/4"}],"replies":[{"embeddable":true,"href":"https:\/\/mundosano-wordpress.server.brobert.net\/es\/wp-json\/wp\/v2\/comments?post=18608"}],"version-history":[{"count":19,"href":"https:\/\/mundosano-wordpress.server.brobert.net\/es\/wp-json\/wp\/v2\/pages\/18608\/revisions"}],"predecessor-version":[{"id":23093,"href":"https:\/\/mundosano-wordpress.server.brobert.net\/es\/wp-json\/wp\/v2\/pages\/18608\/revisions\/23093"}],"wp:featuredmedia":[{"embeddable":true,"href":"https:\/\/mundosano-wordpress.server.brobert.net\/es\/wp-json\/wp\/v2\/media\/18623"}],"wp:attachment":[{"href":"https:\/\/mundosano-wordpress.server.brobert.net\/es\/wp-json\/wp\/v2\/media?parent=18608"}],"curies":[{"name":"wp","href":"https:\/\/api.w.org\/{rel}","templated":true}]}}