{"id":19898,"date":"2019-09-30T12:02:27","date_gmt":"2019-09-30T15:02:27","guid":{"rendered":"https:\/\/mundosano-wordpress.server.brobert.net\/?page_id=19898\/"},"modified":"2020-12-11T13:07:34","modified_gmt":"2020-12-11T16:07:34","slug":"videos","status":"publish","type":"page","link":"https:\/\/mundosano-wordpress.server.brobert.net\/es\/videos\/","title":{"rendered":"Videos"},"content":{"rendered":"<h3 class=\"title style-scope ytd-video-primary-info-renderer\"><strong>Equity<\/strong><\/h3>\n<div class=\"video-shortcode\"><iframe title=\"Equity - Mundo Sano\" width=\"1200\" height=\"675\" src=\"https:\/\/www.youtube.com\/embed\/8lnhCgrtuTE?feature=oembed\" frameborder=\"0\" allow=\"accelerometer; autoplay; clipboard-write; encrypted-media; gyroscope; picture-in-picture; web-share\" referrerpolicy=\"strict-origin-when-cross-origin\" allowfullscreen><\/iframe><\/div>\n<h3><\/h3>\n<h3 class=\"title style-scope ytd-video-primary-info-renderer\"><strong>D\u00eda Mundial del Lavado de Manos<\/strong><\/h3>\n<p>[embedyt]<\/p>\n<div class=\"video-shortcode\"><iframe title=\"D\u00eda Mundial del Lavado de Manos\" width=\"1200\" height=\"675\" src=\"https:\/\/www.youtube.com\/embed\/irr3KSoy430?feature=oembed\" frameborder=\"0\" allow=\"accelerometer; autoplay; clipboard-write; encrypted-media; gyroscope; picture-in-picture; web-share\" referrerpolicy=\"strict-origin-when-cross-origin\" allowfullscreen><\/iframe><\/div>\n<h3><\/h3>\n<h3 class=\"title style-scope ytd-video-primary-info-renderer\"><strong>D\u00eda Nacional por una Argentina sin Chagas<\/strong><\/h3>\n<p>[embedyt]<\/p>\n<div class=\"video-shortcode\"><iframe title=\"D\u00eda Nacional por una Argentina sin Chagas\" width=\"1200\" height=\"675\" src=\"https:\/\/www.youtube.com\/embed\/7NXTYZhH8VU?start=1&#038;feature=oembed\" frameborder=\"0\" allow=\"accelerometer; autoplay; clipboard-write; encrypted-media; gyroscope; picture-in-picture; web-share\" referrerpolicy=\"strict-origin-when-cross-origin\" allowfullscreen><\/iframe><\/div>\n<h3 class=\"title style-scope ytd-video-primary-info-renderer\"><strong>Equity &#8211; Mundo Sano<\/strong><\/h3>\n<p>[embedyt]<\/p>\n<div class=\"video-shortcode\"><iframe title=\"Equity - Mundo Sano\" width=\"1200\" height=\"675\" src=\"https:\/\/www.youtube.com\/embed\/8lnhCgrtuTE?start=1&#038;feature=oembed\" frameborder=\"0\" allow=\"accelerometer; autoplay; clipboard-write; encrypted-media; gyroscope; picture-in-picture; web-share\" referrerpolicy=\"strict-origin-when-cross-origin\" allowfullscreen><\/iframe><\/div>\n<p>[embedyt]<\/p>\n<h3><strong>D\u00eda Mundial del Chagas<\/strong><\/h3>\n<p>[embedyt]<\/p>\n<div class=\"video-shortcode\"><iframe title=\"Enfermedad de Chagas - Transmisi\u00f3n materno-infantil\" width=\"1200\" height=\"675\" src=\"https:\/\/www.youtube.com\/embed\/sY-4BlizVHE?feature=oembed\" frameborder=\"0\" allow=\"accelerometer; autoplay; clipboard-write; encrypted-media; gyroscope; picture-in-picture; web-share\" referrerpolicy=\"strict-origin-when-cross-origin\" allowfullscreen><\/iframe><\/div>\n<p>[\/embedyt]<\/p>\n<h3 class=\"title style-scope ytd-video-primary-info-renderer\"><strong>D\u00eda Mundial de la enfermedad de Chagas<\/strong><\/h3>\n<p>[embedyt]<\/p>\n<div class=\"video-shortcode\"><iframe title=\"D\u00eda Mundial de la enfermedad de Chagas\" width=\"1200\" height=\"675\" src=\"https:\/\/www.youtube.com\/embed\/sucAa759tyw?feature=oembed\" frameborder=\"0\" allow=\"accelerometer; autoplay; clipboard-write; encrypted-media; gyroscope; picture-in-picture; web-share\" referrerpolicy=\"strict-origin-when-cross-origin\" allowfullscreen><\/iframe><\/div>\n<p>[\/embedyt]<\/p>\n<h3><\/h3>\n<h3><strong>Prevenci\u00f3n en Acci\u00f3n<\/strong><\/h3>\n<p>[embedyt] https:\/\/www.youtube.com\/watch?v=PFE51BxUzOQ[\/embedyt]<\/p>\n<h3><strong>Reporte de Sustentabilidad 2018<\/strong><\/h3>\n<p>[embedyt] https:\/\/www.youtube.com\/watch?v=2aIdDbjkhz0[\/embedyt]<\/p>\n<h3 style=\"margin-top: 20px;\"><strong>Proyecto Triple Frontera del Chaco Americano<\/strong><\/h3>\n<p>[embedyt] https:\/\/www.youtube.com\/watch?v=yK9mcIXlzJ8[\/embedyt]<\/p>\n<h3 style=\"margin-top: 20px;\"><strong>Campa\u00f1a \u00abNing\u00fan Bebe con Chagas\u00bb<\/strong><\/h3>\n<p>[embedyt] https:\/\/www.youtube.com\/watch?v=RnuHnaMKtM8[\/embedyt]<\/p>\n<h3 style=\"margin-top: 20px;\"><strong>Proyecto \u00abDeporte, Ni\u00f1ez y Chagas\u00bb<\/strong><\/h3>\n<p>[embedyt] https:\/\/www.youtube.com\/watch?v=tqOrVOy7Ryk[\/embedyt]<\/p>\n","protected":false},"excerpt":{"rendered":"<p>Equity D\u00eda Mundial del Lavado de Manos [embedyt] D\u00eda Nacional [&hellip;]<\/p>\n","protected":false},"author":7,"featured_media":0,"parent":0,"menu_order":0,"comment_status":"closed","ping_status":"closed","template":"","meta":{"_acf_changed":false,"inline_featured_image":false,"footnotes":""},"acf":[],"yoast_head":"<!-- This site is optimized with the Yoast SEO Premium plugin v21.2 (Yoast SEO v22.9) - https:\/\/yoast.com\/wordpress\/plugins\/seo\/ -->\n<title>Mundo Sano - Videos<\/title>\n<meta name=\"description\" content=\"Equity D\u00eda Mundial del Lavado de Manos D\u00eda Nacional por una Argentina sin Chagas Equity - Mundo Sano D\u00eda Mundial del Chagas D\u00eda Mundial de la enfermedad\" \/>\n<meta name=\"robots\" content=\"index, follow, max-snippet:-1, max-image-preview:large, max-video-preview:-1\" \/>\n<link rel=\"canonical\" href=\"https:\/\/mundosano-wordpress.server.brobert.net\/es\/videos\/\" \/>\n<meta property=\"og:locale\" content=\"es_ES\" \/>\n<meta property=\"og:type\" content=\"article\" \/>\n<meta property=\"og:title\" content=\"Videos\" \/>\n<meta property=\"og:description\" content=\"Equity D\u00eda Mundial del Lavado de Manos D\u00eda Nacional por una Argentina sin Chagas Equity - Mundo Sano D\u00eda Mundial del Chagas D\u00eda Mundial de la enfermedad\" \/>\n<meta property=\"og:url\" content=\"https:\/\/mundosano-wordpress.server.brobert.net\/es\/videos\/\" \/>\n<meta property=\"og:site_name\" content=\"Mundo Sano\" \/>\n<meta property=\"article:publisher\" content=\"https:\/\/www.facebook.com\/FundacionMundoSano?fref=ts\" \/>\n<meta property=\"article:modified_time\" content=\"2020-12-11T16:07:34+00:00\" \/>\n<meta property=\"og:image\" content=\"https:\/\/mundosano-wordpress.server.brobert.net\/wp-content\/uploads\/2024\/05\/19-scaled-2.jpg\" \/>\n\t<meta property=\"og:image:width\" content=\"2560\" \/>\n\t<meta property=\"og:image:height\" content=\"1707\" \/>\n\t<meta property=\"og:image:type\" content=\"image\/jpeg\" \/>\n<meta name=\"twitter:card\" content=\"summary_large_image\" \/>\n<meta name=\"twitter:site\" content=\"@MundoSano\" \/>\n<meta name=\"twitter:label1\" content=\"Tiempo de lectura\" \/>\n\t<meta name=\"twitter:data1\" content=\"1 minuto\" \/>\n<script type=\"application\/ld+json\" class=\"yoast-schema-graph\">{\"@context\":\"https:\/\/schema.org\",\"@graph\":[{\"@type\":\"WebPage\",\"@id\":\"https:\/\/mundosano-wordpress.server.brobert.net\/es\/videos\/\",\"url\":\"https:\/\/mundosano-wordpress.server.brobert.net\/es\/videos\/\",\"name\":\"Mundo Sano - Videos\",\"isPartOf\":{\"@id\":\"https:\/\/mundosano-wordpress.server.brobert.net\/es\/#website\"},\"datePublished\":\"2019-09-30T15:02:27+00:00\",\"dateModified\":\"2020-12-11T16:07:34+00:00\",\"description\":\"Equity D\u00eda Mundial del Lavado de Manos D\u00eda Nacional por una Argentina sin Chagas Equity - Mundo Sano D\u00eda Mundial del Chagas D\u00eda Mundial de la enfermedad\",\"breadcrumb\":{\"@id\":\"https:\/\/mundosano-wordpress.server.brobert.net\/es\/videos\/#breadcrumb\"},\"inLanguage\":\"es\",\"potentialAction\":[{\"@type\":\"ReadAction\",\"target\":[\"https:\/\/mundosano-wordpress.server.brobert.net\/es\/videos\/\"]}]},{\"@type\":\"BreadcrumbList\",\"@id\":\"https:\/\/mundosano-wordpress.server.brobert.net\/es\/videos\/#breadcrumb\",\"itemListElement\":[{\"@type\":\"ListItem\",\"position\":1,\"name\":\"Inicio\",\"item\":\"https:\/\/mundosano-wordpress.server.brobert.net\/es\/\"},{\"@type\":\"ListItem\",\"position\":2,\"name\":\"Videos\"}]},{\"@type\":\"WebSite\",\"@id\":\"https:\/\/mundosano-wordpress.server.brobert.net\/es\/#website\",\"url\":\"https:\/\/mundosano-wordpress.server.brobert.net\/es\/\",\"name\":\"Mundo Sano\",\"description\":\"Comprometidos con la equidad en salud\",\"publisher\":{\"@id\":\"https:\/\/mundosano-wordpress.server.brobert.net\/es\/#organization\"},\"potentialAction\":[{\"@type\":\"SearchAction\",\"target\":{\"@type\":\"EntryPoint\",\"urlTemplate\":\"https:\/\/mundosano-wordpress.server.brobert.net\/es\/?s={search_term_string}\"},\"query-input\":\"required name=search_term_string\"}],\"inLanguage\":\"es\"},{\"@type\":\"Organization\",\"@id\":\"https:\/\/mundosano-wordpress.server.brobert.net\/es\/#organization\",\"name\":\"Mundo Sano\",\"url\":\"https:\/\/mundosano-wordpress.server.brobert.net\/es\/\",\"logo\":{\"@type\":\"ImageObject\",\"inLanguage\":\"es\",\"@id\":\"https:\/\/mundosano-wordpress.server.brobert.net\/es\/#\/schema\/logo\/image\/\",\"url\":\"https:\/\/mundosano-wordpress.server.brobert.net\/wp-content\/uploads\/2024\/05\/mundo-sano-nuevo-logo.png\",\"contentUrl\":\"https:\/\/mundosano-wordpress.server.brobert.net\/wp-content\/uploads\/2024\/05\/mundo-sano-nuevo-logo.png\",\"width\":696,\"height\":696,\"caption\":\"Mundo Sano\"},\"image\":{\"@id\":\"https:\/\/mundosano-wordpress.server.brobert.net\/es\/#\/schema\/logo\/image\/\"},\"sameAs\":[\"https:\/\/www.facebook.com\/FundacionMundoSano?fref=ts\",\"https:\/\/x.com\/MundoSano\",\"https:\/\/www.youtube.com\/user\/FundacionMundoSano\"]}]}<\/script>\n<!-- \/ Yoast SEO Premium plugin. -->","yoast_head_json":{"title":"Mundo Sano - Videos","description":"Equity D\u00eda Mundial del Lavado de Manos D\u00eda Nacional por una Argentina sin Chagas Equity - Mundo Sano D\u00eda Mundial del Chagas D\u00eda Mundial de la enfermedad","robots":{"index":"index","follow":"follow","max-snippet":"max-snippet:-1","max-image-preview":"max-image-preview:large","max-video-preview":"max-video-preview:-1"},"canonical":"https:\/\/mundosano-wordpress.server.brobert.net\/es\/videos\/","og_locale":"es_ES","og_type":"article","og_title":"Videos","og_description":"Equity D\u00eda Mundial del Lavado de Manos D\u00eda Nacional por una Argentina sin Chagas Equity - Mundo Sano D\u00eda Mundial del Chagas D\u00eda Mundial de la enfermedad","og_url":"https:\/\/mundosano-wordpress.server.brobert.net\/es\/videos\/","og_site_name":"Mundo Sano","article_publisher":"https:\/\/www.facebook.com\/FundacionMundoSano?fref=ts","article_modified_time":"2020-12-11T16:07:34+00:00","og_image":[{"width":2560,"height":1707,"url":"https:\/\/mundosano-wordpress.server.brobert.net\/wp-content\/uploads\/2024\/05\/19-scaled-2.jpg","type":"image\/jpeg"}],"twitter_card":"summary_large_image","twitter_site":"@MundoSano","twitter_misc":{"Tiempo de lectura":"1 minuto"},"schema":{"@context":"https:\/\/schema.org","@graph":[{"@type":"WebPage","@id":"https:\/\/mundosano-wordpress.server.brobert.net\/es\/videos\/","url":"https:\/\/mundosano-wordpress.server.brobert.net\/es\/videos\/","name":"Mundo Sano - Videos","isPartOf":{"@id":"https:\/\/mundosano-wordpress.server.brobert.net\/es\/#website"},"datePublished":"2019-09-30T15:02:27+00:00","dateModified":"2020-12-11T16:07:34+00:00","description":"Equity D\u00eda Mundial del Lavado de Manos D\u00eda Nacional por una Argentina sin Chagas Equity - Mundo Sano D\u00eda Mundial del Chagas D\u00eda Mundial de la enfermedad","breadcrumb":{"@id":"https:\/\/mundosano-wordpress.server.brobert.net\/es\/videos\/#breadcrumb"},"inLanguage":"es","potentialAction":[{"@type":"ReadAction","target":["https:\/\/mundosano-wordpress.server.brobert.net\/es\/videos\/"]}]},{"@type":"BreadcrumbList","@id":"https:\/\/mundosano-wordpress.server.brobert.net\/es\/videos\/#breadcrumb","itemListElement":[{"@type":"ListItem","position":1,"name":"Inicio","item":"https:\/\/mundosano-wordpress.server.brobert.net\/es\/"},{"@type":"ListItem","position":2,"name":"Videos"}]},{"@type":"WebSite","@id":"https:\/\/mundosano-wordpress.server.brobert.net\/es\/#website","url":"https:\/\/mundosano-wordpress.server.brobert.net\/es\/","name":"Mundo Sano","description":"Comprometidos con la equidad en salud","publisher":{"@id":"https:\/\/mundosano-wordpress.server.brobert.net\/es\/#organization"},"potentialAction":[{"@type":"SearchAction","target":{"@type":"EntryPoint","urlTemplate":"https:\/\/mundosano-wordpress.server.brobert.net\/es\/?s={search_term_string}"},"query-input":"required name=search_term_string"}],"inLanguage":"es"},{"@type":"Organization","@id":"https:\/\/mundosano-wordpress.server.brobert.net\/es\/#organization","name":"Mundo Sano","url":"https:\/\/mundosano-wordpress.server.brobert.net\/es\/","logo":{"@type":"ImageObject","inLanguage":"es","@id":"https:\/\/mundosano-wordpress.server.brobert.net\/es\/#\/schema\/logo\/image\/","url":"https:\/\/mundosano-wordpress.server.brobert.net\/wp-content\/uploads\/2024\/05\/mundo-sano-nuevo-logo.png","contentUrl":"https:\/\/mundosano-wordpress.server.brobert.net\/wp-content\/uploads\/2024\/05\/mundo-sano-nuevo-logo.png","width":696,"height":696,"caption":"Mundo Sano"},"image":{"@id":"https:\/\/mundosano-wordpress.server.brobert.net\/es\/#\/schema\/logo\/image\/"},"sameAs":["https:\/\/www.facebook.com\/FundacionMundoSano?fref=ts","https:\/\/x.com\/MundoSano","https:\/\/www.youtube.com\/user\/FundacionMundoSano"]}]}},"_links":{"self":[{"href":"https:\/\/mundosano-wordpress.server.brobert.net\/es\/wp-json\/wp\/v2\/pages\/19898"}],"collection":[{"href":"https:\/\/mundosano-wordpress.server.brobert.net\/es\/wp-json\/wp\/v2\/pages"}],"about":[{"href":"https:\/\/mundosano-wordpress.server.brobert.net\/es\/wp-json\/wp\/v2\/types\/page"}],"author":[{"embeddable":true,"href":"https:\/\/mundosano-wordpress.server.brobert.net\/es\/wp-json\/wp\/v2\/users\/7"}],"replies":[{"embeddable":true,"href":"https:\/\/mundosano-wordpress.server.brobert.net\/es\/wp-json\/wp\/v2\/comments?post=19898"}],"version-history":[{"count":21,"href":"https:\/\/mundosano-wordpress.server.brobert.net\/es\/wp-json\/wp\/v2\/pages\/19898\/revisions"}],"predecessor-version":[{"id":21362,"href":"https:\/\/mundosano-wordpress.server.brobert.net\/es\/wp-json\/wp\/v2\/pages\/19898\/revisions\/21362"}],"wp:attachment":[{"href":"https:\/\/mundosano-wordpress.server.brobert.net\/es\/wp-json\/wp\/v2\/media?parent=19898"}],"curies":[{"name":"wp","href":"https:\/\/api.w.org\/{rel}","templated":true}]}}