{"id":478,"date":"2018-03-08T20:52:00","date_gmt":"2018-03-08T20:52:00","guid":{"rendered":"http:\/\/mundosano.masmedios.info\/?page_id=478\/"},"modified":"2019-05-28T17:20:57","modified_gmt":"2019-05-28T20:20:57","slug":"enfermedades-desatendidas","status":"publish","type":"page","link":"https:\/\/mundosano-wordpress.server.brobert.net\/es\/enfermedades-desatendidas\/","title":{"rendered":"Enfermedades desatendidas"},"content":{"rendered":"<h3>Mundo Sano contribuye, con la investigaci\u00f3n en terreno, a las pol\u00edticas p\u00fablicas dirigidas a mejorar la vida de las personas afectadas por las enfermedades desatendidas, que son aquellas que afectan a los sectores m\u00e1s vulnerables de la comunidad.<\/h3>\n","protected":false},"excerpt":{"rendered":"<p>Mundo Sano contribuye, con la investigaci\u00f3n en terreno, a las [&hellip;]<\/p>\n","protected":false},"author":4,"featured_media":18416,"parent":0,"menu_order":0,"comment_status":"closed","ping_status":"closed","template":"","meta":{"_acf_changed":false,"inline_featured_image":false,"footnotes":""},"acf":[],"yoast_head":"<!-- This site is optimized with the Yoast SEO Premium plugin v21.2 (Yoast SEO v22.9) - https:\/\/yoast.com\/wordpress\/plugins\/seo\/ -->\n<title>Mundo Sano - Enfermedades desatendidas<\/title>\n<meta name=\"description\" content=\"Contribuimos, con la investigaci\u00f3n en terreno, a las pol\u00edticas p\u00fablicas dirigidas a mejorar la vida de las personas con enfermedades desatendidas [...]\" \/>\n<meta name=\"robots\" content=\"index, follow, max-snippet:-1, max-image-preview:large, max-video-preview:-1\" \/>\n<link rel=\"canonical\" href=\"https:\/\/mundosano-wordpress.server.brobert.net\/es\/enfermedades-desatendidas\/\" \/>\n<meta property=\"og:locale\" content=\"es_ES\" \/>\n<meta property=\"og:type\" content=\"article\" \/>\n<meta property=\"og:title\" content=\"Enfermedades desatendidas\" \/>\n<meta property=\"og:description\" content=\"Contribuimos, con la investigaci\u00f3n en terreno, a las pol\u00edticas p\u00fablicas dirigidas a mejorar la vida de las personas con enfermedades desatendidas [...]\" \/>\n<meta property=\"og:url\" content=\"https:\/\/mundosano-wordpress.server.brobert.net\/es\/enfermedades-desatendidas\/\" \/>\n<meta property=\"og:site_name\" content=\"Mundo Sano\" \/>\n<meta property=\"article:publisher\" content=\"https:\/\/www.facebook.com\/FundacionMundoSano?fref=ts\" \/>\n<meta property=\"article:modified_time\" content=\"2019-05-28T20:20:57+00:00\" \/>\n<meta property=\"og:image\" content=\"https:\/\/mundosano-wordpress.server.brobert.net\/wp-content\/uploads\/2018\/03\/carrusel_1-e1549361689168.jpg\" \/>\n\t<meta property=\"og:image:width\" content=\"1399\" \/>\n\t<meta property=\"og:image:height\" content=\"542\" \/>\n\t<meta property=\"og:image:type\" content=\"image\/jpeg\" \/>\n<meta name=\"twitter:card\" content=\"summary_large_image\" \/>\n<meta name=\"twitter:site\" content=\"@MundoSano\" \/>\n<script type=\"application\/ld+json\" class=\"yoast-schema-graph\">{\"@context\":\"https:\/\/schema.org\",\"@graph\":[{\"@type\":\"WebPage\",\"@id\":\"https:\/\/mundosano-wordpress.server.brobert.net\/es\/enfermedades-desatendidas\/\",\"url\":\"https:\/\/mundosano-wordpress.server.brobert.net\/es\/enfermedades-desatendidas\/\",\"name\":\"Mundo Sano - Enfermedades desatendidas\",\"isPartOf\":{\"@id\":\"https:\/\/mundosano-wordpress.server.brobert.net\/es\/#website\"},\"primaryImageOfPage\":{\"@id\":\"https:\/\/mundosano-wordpress.server.brobert.net\/es\/enfermedades-desatendidas\/#primaryimage\"},\"image\":{\"@id\":\"https:\/\/mundosano-wordpress.server.brobert.net\/es\/enfermedades-desatendidas\/#primaryimage\"},\"thumbnailUrl\":\"https:\/\/mundosano-wordpress.server.brobert.net\/wp-content\/uploads\/2018\/03\/carrusel_1-e1549361689168.jpg\",\"datePublished\":\"2018-03-08T20:52:00+00:00\",\"dateModified\":\"2019-05-28T20:20:57+00:00\",\"description\":\"Contribuimos, con la investigaci\u00f3n en terreno, a las pol\u00edticas p\u00fablicas dirigidas a mejorar la vida de las personas con enfermedades desatendidas [...]\",\"breadcrumb\":{\"@id\":\"https:\/\/mundosano-wordpress.server.brobert.net\/es\/enfermedades-desatendidas\/#breadcrumb\"},\"inLanguage\":\"es\",\"potentialAction\":[{\"@type\":\"ReadAction\",\"target\":[\"https:\/\/mundosano-wordpress.server.brobert.net\/es\/enfermedades-desatendidas\/\"]}]},{\"@type\":\"ImageObject\",\"inLanguage\":\"es\",\"@id\":\"https:\/\/mundosano-wordpress.server.brobert.net\/es\/enfermedades-desatendidas\/#primaryimage\",\"url\":\"https:\/\/mundosano-wordpress.server.brobert.net\/wp-content\/uploads\/2018\/03\/carrusel_1-e1549361689168.jpg\",\"contentUrl\":\"https:\/\/mundosano-wordpress.server.brobert.net\/wp-content\/uploads\/2018\/03\/carrusel_1-e1549361689168.jpg\",\"width\":1399,\"height\":542,\"caption\":\"Ni\u00f1os con enfermedades desatendidas\"},{\"@type\":\"BreadcrumbList\",\"@id\":\"https:\/\/mundosano-wordpress.server.brobert.net\/es\/enfermedades-desatendidas\/#breadcrumb\",\"itemListElement\":[{\"@type\":\"ListItem\",\"position\":1,\"name\":\"Inicio\",\"item\":\"https:\/\/mundosano-wordpress.server.brobert.net\/es\/\"},{\"@type\":\"ListItem\",\"position\":2,\"name\":\"Enfermedades desatendidas\"}]},{\"@type\":\"WebSite\",\"@id\":\"https:\/\/mundosano-wordpress.server.brobert.net\/es\/#website\",\"url\":\"https:\/\/mundosano-wordpress.server.brobert.net\/es\/\",\"name\":\"Mundo Sano\",\"description\":\"Comprometidos con la equidad en salud\",\"publisher\":{\"@id\":\"https:\/\/mundosano-wordpress.server.brobert.net\/es\/#organization\"},\"potentialAction\":[{\"@type\":\"SearchAction\",\"target\":{\"@type\":\"EntryPoint\",\"urlTemplate\":\"https:\/\/mundosano-wordpress.server.brobert.net\/es\/?s={search_term_string}\"},\"query-input\":\"required name=search_term_string\"}],\"inLanguage\":\"es\"},{\"@type\":\"Organization\",\"@id\":\"https:\/\/mundosano-wordpress.server.brobert.net\/es\/#organization\",\"name\":\"Mundo Sano\",\"url\":\"https:\/\/mundosano-wordpress.server.brobert.net\/es\/\",\"logo\":{\"@type\":\"ImageObject\",\"inLanguage\":\"es\",\"@id\":\"https:\/\/mundosano-wordpress.server.brobert.net\/es\/#\/schema\/logo\/image\/\",\"url\":\"https:\/\/mundosano-wordpress.server.brobert.net\/wp-content\/uploads\/2024\/05\/mundo-sano-nuevo-logo.png\",\"contentUrl\":\"https:\/\/mundosano-wordpress.server.brobert.net\/wp-content\/uploads\/2024\/05\/mundo-sano-nuevo-logo.png\",\"width\":696,\"height\":696,\"caption\":\"Mundo Sano\"},\"image\":{\"@id\":\"https:\/\/mundosano-wordpress.server.brobert.net\/es\/#\/schema\/logo\/image\/\"},\"sameAs\":[\"https:\/\/www.facebook.com\/FundacionMundoSano?fref=ts\",\"https:\/\/x.com\/MundoSano\",\"https:\/\/www.youtube.com\/user\/FundacionMundoSano\"]}]}<\/script>\n<!-- \/ Yoast SEO Premium plugin. -->","yoast_head_json":{"title":"Mundo Sano - Enfermedades desatendidas","description":"Contribuimos, con la investigaci\u00f3n en terreno, a las pol\u00edticas p\u00fablicas dirigidas a mejorar la vida de las personas con enfermedades desatendidas [...]","robots":{"index":"index","follow":"follow","max-snippet":"max-snippet:-1","max-image-preview":"max-image-preview:large","max-video-preview":"max-video-preview:-1"},"canonical":"https:\/\/mundosano-wordpress.server.brobert.net\/es\/enfermedades-desatendidas\/","og_locale":"es_ES","og_type":"article","og_title":"Enfermedades desatendidas","og_description":"Contribuimos, con la investigaci\u00f3n en terreno, a las pol\u00edticas p\u00fablicas dirigidas a mejorar la vida de las personas con enfermedades desatendidas [...]","og_url":"https:\/\/mundosano-wordpress.server.brobert.net\/es\/enfermedades-desatendidas\/","og_site_name":"Mundo Sano","article_publisher":"https:\/\/www.facebook.com\/FundacionMundoSano?fref=ts","article_modified_time":"2019-05-28T20:20:57+00:00","og_image":[{"width":1399,"height":542,"url":"https:\/\/mundosano-wordpress.server.brobert.net\/wp-content\/uploads\/2018\/03\/carrusel_1-e1549361689168.jpg","type":"image\/jpeg"}],"twitter_card":"summary_large_image","twitter_site":"@MundoSano","schema":{"@context":"https:\/\/schema.org","@graph":[{"@type":"WebPage","@id":"https:\/\/mundosano-wordpress.server.brobert.net\/es\/enfermedades-desatendidas\/","url":"https:\/\/mundosano-wordpress.server.brobert.net\/es\/enfermedades-desatendidas\/","name":"Mundo Sano - Enfermedades desatendidas","isPartOf":{"@id":"https:\/\/mundosano-wordpress.server.brobert.net\/es\/#website"},"primaryImageOfPage":{"@id":"https:\/\/mundosano-wordpress.server.brobert.net\/es\/enfermedades-desatendidas\/#primaryimage"},"image":{"@id":"https:\/\/mundosano-wordpress.server.brobert.net\/es\/enfermedades-desatendidas\/#primaryimage"},"thumbnailUrl":"https:\/\/mundosano-wordpress.server.brobert.net\/wp-content\/uploads\/2018\/03\/carrusel_1-e1549361689168.jpg","datePublished":"2018-03-08T20:52:00+00:00","dateModified":"2019-05-28T20:20:57+00:00","description":"Contribuimos, con la investigaci\u00f3n en terreno, a las pol\u00edticas p\u00fablicas dirigidas a mejorar la vida de las personas con enfermedades desatendidas [...]","breadcrumb":{"@id":"https:\/\/mundosano-wordpress.server.brobert.net\/es\/enfermedades-desatendidas\/#breadcrumb"},"inLanguage":"es","potentialAction":[{"@type":"ReadAction","target":["https:\/\/mundosano-wordpress.server.brobert.net\/es\/enfermedades-desatendidas\/"]}]},{"@type":"ImageObject","inLanguage":"es","@id":"https:\/\/mundosano-wordpress.server.brobert.net\/es\/enfermedades-desatendidas\/#primaryimage","url":"https:\/\/mundosano-wordpress.server.brobert.net\/wp-content\/uploads\/2018\/03\/carrusel_1-e1549361689168.jpg","contentUrl":"https:\/\/mundosano-wordpress.server.brobert.net\/wp-content\/uploads\/2018\/03\/carrusel_1-e1549361689168.jpg","width":1399,"height":542,"caption":"Ni\u00f1os con enfermedades desatendidas"},{"@type":"BreadcrumbList","@id":"https:\/\/mundosano-wordpress.server.brobert.net\/es\/enfermedades-desatendidas\/#breadcrumb","itemListElement":[{"@type":"ListItem","position":1,"name":"Inicio","item":"https:\/\/mundosano-wordpress.server.brobert.net\/es\/"},{"@type":"ListItem","position":2,"name":"Enfermedades desatendidas"}]},{"@type":"WebSite","@id":"https:\/\/mundosano-wordpress.server.brobert.net\/es\/#website","url":"https:\/\/mundosano-wordpress.server.brobert.net\/es\/","name":"Mundo Sano","description":"Comprometidos con la equidad en salud","publisher":{"@id":"https:\/\/mundosano-wordpress.server.brobert.net\/es\/#organization"},"potentialAction":[{"@type":"SearchAction","target":{"@type":"EntryPoint","urlTemplate":"https:\/\/mundosano-wordpress.server.brobert.net\/es\/?s={search_term_string}"},"query-input":"required name=search_term_string"}],"inLanguage":"es"},{"@type":"Organization","@id":"https:\/\/mundosano-wordpress.server.brobert.net\/es\/#organization","name":"Mundo Sano","url":"https:\/\/mundosano-wordpress.server.brobert.net\/es\/","logo":{"@type":"ImageObject","inLanguage":"es","@id":"https:\/\/mundosano-wordpress.server.brobert.net\/es\/#\/schema\/logo\/image\/","url":"https:\/\/mundosano-wordpress.server.brobert.net\/wp-content\/uploads\/2024\/05\/mundo-sano-nuevo-logo.png","contentUrl":"https:\/\/mundosano-wordpress.server.brobert.net\/wp-content\/uploads\/2024\/05\/mundo-sano-nuevo-logo.png","width":696,"height":696,"caption":"Mundo Sano"},"image":{"@id":"https:\/\/mundosano-wordpress.server.brobert.net\/es\/#\/schema\/logo\/image\/"},"sameAs":["https:\/\/www.facebook.com\/FundacionMundoSano?fref=ts","https:\/\/x.com\/MundoSano","https:\/\/www.youtube.com\/user\/FundacionMundoSano"]}]}},"_links":{"self":[{"href":"https:\/\/mundosano-wordpress.server.brobert.net\/es\/wp-json\/wp\/v2\/pages\/478"}],"collection":[{"href":"https:\/\/mundosano-wordpress.server.brobert.net\/es\/wp-json\/wp\/v2\/pages"}],"about":[{"href":"https:\/\/mundosano-wordpress.server.brobert.net\/es\/wp-json\/wp\/v2\/types\/page"}],"author":[{"embeddable":true,"href":"https:\/\/mundosano-wordpress.server.brobert.net\/es\/wp-json\/wp\/v2\/users\/4"}],"replies":[{"embeddable":true,"href":"https:\/\/mundosano-wordpress.server.brobert.net\/es\/wp-json\/wp\/v2\/comments?post=478"}],"version-history":[{"count":9,"href":"https:\/\/mundosano-wordpress.server.brobert.net\/es\/wp-json\/wp\/v2\/pages\/478\/revisions"}],"predecessor-version":[{"id":19490,"href":"https:\/\/mundosano-wordpress.server.brobert.net\/es\/wp-json\/wp\/v2\/pages\/478\/revisions\/19490"}],"wp:featuredmedia":[{"embeddable":true,"href":"https:\/\/mundosano-wordpress.server.brobert.net\/es\/wp-json\/wp\/v2\/media\/18416"}],"wp:attachment":[{"href":"https:\/\/mundosano-wordpress.server.brobert.net\/es\/wp-json\/wp\/v2\/media?parent=478"}],"curies":[{"name":"wp","href":"https:\/\/api.w.org\/{rel}","templated":true}]}}